{"id":323,"date":"2017-12-06T14:46:42","date_gmt":"2017-12-06T14:46:42","guid":{"rendered":"http:\/\/edema.axiomthemes.com\/?page_id=323"},"modified":"2024-10-17T21:14:23","modified_gmt":"2024-10-17T20:14:23","slug":"home-1","status":"publish","type":"page","link":"https:\/\/xn--krper-jua.fit\/massage\/","title":{"rendered":"Startseite"},"content":{"rendered":"<section class=\"wpb-content-wrapper\"><p>[vc_row full_width=&#187;stretch_row&#187; css_animation=&#187;slideInUp&#187; hide_bg_image_on_tablet=&#187;&#187; hide_bg_image_on_mobile=&#187;&#187; row_delimiter=&#187;&#187; hide_on_desktop=&#187;&#187; hide_on_notebook=&#187;&#187; hide_on_tablet=&#187;&#187; hide_on_mobile=&#187;&#187; hide_on_frontpage=&#187;&#187; specialsparallax=&#187;true&#187;][vc_column width=&#187;1\/6&#8243; icons_position=&#187;left&#187;][\/vc_column][vc_column width=&#187;2\/3&#8243; icons_position=&#187;left&#187;][vc_empty_space height=&#187;8em&#187; alter_height=&#187;none&#187; hide_on_desktop=&#187;&#187; hide_on_notebook=&#187;&#187; hide_on_tablet=&#187;&#187; hide_on_mobile=&#187;&#187;][vc_single_image image=&#187;1809&#8243; img_size=&#187;full&#187; alignment=&#187;center&#187;][\/vc_column][vc_column width=&#187;1\/6&#8243; icons_position=&#187;left&#187;][\/vc_column][\/vc_row][vc_row full_width=&#187;stretch_row&#187; hide_bg_image_on_tablet=&#187;&#187; hide_bg_image_on_mobile=&#187;&#187; css=&#187;.vc_custom_1581181248892{background-image: url(https:\/\/xn--krper-jua.fit\/massage\/dateien\/2018\/01\/smoke2.png?id=1183) !important;background-position: top right !important;background-repeat: no-repeat !important;background-size: cover !important;}&#187;][vc_column css_animation=&#187;none&#187; width=&#187;1\/3&#8243; icons_position=&#187;left&#187;][vc_empty_space height=&#187;14em&#187; alter_height=&#187;none&#187; hide_on_desktop=&#187;&#187; hide_on_notebook=&#187;&#187; hide_on_tablet=&#187;&#187; hide_on_mobile=&#187;&#187;][vc_empty_space height=&#187;14em&#187; alter_height=&#187;none&#187; hide_on_desktop=&#187;&#187; hide_on_notebook=&#187;&#187; hide_on_tablet=&#187;&#187; hide_on_mobile=&#187;&#187;][vc_empty_space height=&#187;14em&#187; alter_height=&#187;large&#187; hide_on_desktop=&#187;&#187; hide_on_notebook=&#187;&#187; hide_on_tablet=&#187;&#187; hide_on_mobile=&#187;&#187;][vc_empty_space height=&#187;14em&#187; alter_height=&#187;large&#187; hide_on_desktop=&#187;&#187; hide_on_notebook=&#187;&#187; hide_on_tablet=&#187;&#187; hide_on_mobile=&#187;&#187;]<div id=\"sc_title_59174195\"\n\t\tclass=\"sc_title color_style_default sc_title_extra  vc_custom_1580574252513\"><h4 class=\"sc_item_title sc_title_title sc_align_left sc_item_title_style_extra sc_item_title_tag\">\u00abSorge dich gut um Deinen K\u00f6rper. Es ist der einzige Ort, den du zum Leben hast.\u00bb<\/h4><div class=\"sc_item_descr sc_title_descr sc_align_left\"><p>Jim Rohn<\/p>\n<\/div><\/div><!-- \/.sc_title -->[vc_empty_space height=&#187;3em&#187; alter_height=&#187;none&#187; hide_on_desktop=&#187;&#187; hide_on_notebook=&#187;&#187; hide_on_tablet=&#187;&#187; hide_on_mobile=&#187;1&#8243;][\/vc_column][vc_column css_animation=&#187;none&#187; width=&#187;2\/3&#8243; icons_position=&#187;left&#187;][vc_empty_space height=&#187;14em&#187; alter_height=&#187;none&#187; hide_on_desktop=&#187;&#187; hide_on_notebook=&#187;&#187; hide_on_tablet=&#187;&#187; hide_on_mobile=&#187;1&#8243;][vc_row_inner][vc_column_inner width=&#187;1\/2&#8243; icons_position=&#187;left&#187;][vc_empty_space height=&#187;2em&#187; alter_height=&#187;none&#187; hide_on_desktop=&#187;&#187; hide_on_notebook=&#187;&#187; hide_on_tablet=&#187;&#187; hide_on_mobile=&#187;&#187;][vc_empty_space height=&#187;4em&#187; alter_height=&#187;none&#187; hide_on_desktop=&#187;&#187; hide_on_notebook=&#187;&#187; hide_on_tablet=&#187;&#187; hide_on_mobile=&#187;1&#8243;]<div  id=\"sc_action_1389599413\" \n\tclass=\"sc_action color_style_default sc_action_alter\"><div class=\"sc_action_content sc_item_content\"><div class=\"sc_action_item sc_action_item_alter sc_action_item_tl\">\n\t\t\t<div class=\"sc_action_item_image\">\n                    <a href=\"\/massage\/angebot\/\" class=\"wrap_link\">\n                        <img loading=\"lazy\" decoding=\"async\" src=\"https:\/\/xn--krper-jua.fit\/massage\/dateien\/2020\/01\/schroepfglaeser.jpg\" alt=\"schroepfglaeser.jpg\" width=\"5227\" height=\"3485\">\n                        <div class=\"mask\"><\/div>\n                        <div class=\"icons\">\n                            <span aria-hidden=\"true\" class=\"icon-visibility\">\n                            <\/span>\n                        <\/div>\n                    <\/a>\n                    <\/div><a href=\"\/massage\/angebot\/\" class=\"sc_action_item_link sc_button\">Angebot &amp; Preise<\/a><\/div><\/div><\/div><!-- \/.sc_action -->[vc_empty_space height=&#187;2.5em&#187; alter_height=&#187;medium&#187; hide_on_desktop=&#187;&#187; hide_on_notebook=&#187;&#187; hide_on_tablet=&#187;&#187; hide_on_mobile=&#187;&#187;][\/vc_column_inner][vc_column_inner width=&#187;1\/2&#8243; icons_position=&#187;left&#187;]<div  id=\"sc_action_2032870909\" \n\tclass=\"sc_action color_style_default sc_action_alter\"><div class=\"sc_action_content sc_item_content\"><div class=\"sc_action_item sc_action_item_alter sc_action_item_tl\">\n\t\t\t<div class=\"sc_action_item_image\">\n                    <a href=\"\/massage\/katja-marroni\/\" class=\"wrap_link\">\n                        <img loading=\"lazy\" decoding=\"async\" src=\"https:\/\/xn--krper-jua.fit\/massage\/dateien\/2020\/01\/gruenes-tape.jpg\" alt=\"gruenes-tape.jpg\" width=\"5760\" height=\"3840\">\n                        <div class=\"mask\"><\/div>\n                        <div class=\"icons\">\n                            <span aria-hidden=\"true\" class=\"icon-visibility\">\n                            <\/span>\n                        <\/div>\n                    <\/a>\n                    <\/div><a href=\"\/massage\/katja-marroni\/\" class=\"sc_action_item_link sc_button\">\u00dcber Katja Marroni<\/a><\/div><\/div><\/div><!-- \/.sc_action -->[vc_empty_space height=&#187;2.5em&#187; alter_height=&#187;medium&#187; hide_on_desktop=&#187;&#187; hide_on_notebook=&#187;&#187; hide_on_tablet=&#187;&#187; hide_on_mobile=&#187;&#187;]<div  id=\"sc_action_1771432714\" \n\tclass=\"sc_action color_style_default sc_action_alter\"><div class=\"sc_action_content sc_item_content\"><div class=\"sc_action_item sc_action_item_alter sc_action_item_tl\">\n\t\t\t<div class=\"sc_action_item_image\">\n                    <a href=\"\/massage\/kontakt\/\" class=\"wrap_link\">\n                        <img loading=\"lazy\" decoding=\"async\" src=\"https:\/\/xn--krper-jua.fit\/massage\/dateien\/2024\/10\/standort.png\" alt=\"standort.png\" width=\"501\" height=\"297\">\n                        <div class=\"mask\"><\/div>\n                        <div class=\"icons\">\n                            <span aria-hidden=\"true\" class=\"icon-visibility\">\n                            <\/span>\n                        <\/div>\n                    <\/a>\n                    <\/div><a href=\"\/massage\/kontakt\/\" class=\"sc_action_item_link sc_button\">Kontakt &amp; Anfahrt<\/a><\/div><\/div><\/div><!-- \/.sc_action -->[vc_empty_space height=&#187;2.5em&#187; alter_height=&#187;medium&#187; hide_on_desktop=&#187;&#187; hide_on_notebook=&#187;&#187; hide_on_tablet=&#187;&#187; hide_on_mobile=&#187;&#187;][\/vc_column_inner][\/vc_row_inner][\/vc_column][\/vc_row][vc_row full_width=&#187;stretch_row&#187; css_animation=&#187;none&#187; hide_bg_image_on_tablet=&#187;&#187; hide_bg_image_on_mobile=&#187;&#187; css=&#187;.vc_custom_1515753871513{background-color: #ffffff !important;}&#187;][vc_column css_animation=&#187;none&#187; icons_position=&#187;left&#187;]<div id=\"sc_title_697050364\"\n\t\tclass=\"sc_title color_style_default sc_title_decor\"><h1 class=\"sc_item_title sc_title_title sc_align_center sc_item_title_style_decor sc_item_title_tag\">Massage in Br\u00fctten<\/h1><div class=\"sc_item_descr sc_title_descr sc_align_center\"><p>Stress und k\u00f6rperliche Belastungen sind immer \u00f6fters Teil unseres Alltages.<br \/>\nDabei werden K\u00f6rper und Geist sehr beansprucht und belastet.<br \/>\nDie Momente der Erholung, um Kraft zu tanken, werden immer k\u00fcrzer.<br \/>\nDen Bed\u00fcrfnissen des eigenen Wohlbefindens wird immer seltener Beachtung geschenkt.<\/p>\n<p>Doch die volle Leistung kann nur abgerufen werden,<br \/>\nwenn unser <b>K\u00f6rper fit<\/b> und voller Energie<br \/>\nsowie unser Geist frisch und klar ist.<\/p>\n<\/div><\/div><!-- \/.sc_title -->[\/vc_column][\/vc_row][vc_row full_width=&#187;stretch_row&#187; css_animation=&#187;none&#187; hide_bg_image_on_tablet=&#187;&#187; hide_bg_image_on_mobile=&#187;&#187; row_delimiter=&#187;&#187; hide_on_desktop=&#187;&#187; hide_on_notebook=&#187;&#187; hide_on_tablet=&#187;&#187; hide_on_mobile=&#187;&#187; hide_on_frontpage=&#187;&#187; css=&#187;.vc_custom_1581181306364{background-image: url(https:\/\/xn--krper-jua.fit\/massage\/dateien\/2018\/01\/bg_7.jpg?id=964) !important;background-position: top center !important;background-repeat: no-repeat !important;background-size: cover !important;}&#187;][vc_column icons_position=&#187;left&#187;][vc_row_inner][vc_column_inner icons_position=&#187;left&#187;]<div id=\"sc_content_432644659\"\n\t\tclass=\"sc_content color_style_default sc_content_default sc_content_width_1_1 sc_float_center  vc_custom_1515851288379\"><div class=\"sc_content_container\"><div id=\"sc_services_1780455427\" class=\"sc_services color_style_default sc_services_alter sc_services_featured_top\"><div class=\"sc_services_columns_wrap sc_item_columns sc_item_columns_2 trx_addons_columns_wrap columns_padding_bottom\"><div class=\"trx_addons_column-1_2 \"><div class=\"sc_services_item with_content with_image sc_services_item_featured_none\">\n\t<div class=\"sc_services_item_header \" style=\"background-image: url(https:\/\/xn--krper-jua.fit\/massage\/dateien\/2020\/01\/klassische-massage.jpg);\">\n\t\t<div class=\"sc_services_item_header_inner\">\n    \t\t<h6 class=\"sc_services_item_title\"><a href=\"https:\/\/xn--krper-jua.fit\/massage\/services\/klassische-massage\/\">Klassische Massage<\/a><\/h6>\n                        <div class=\"sc_services_item_content\">\n                <div class=\"sc_services_item_text\"><p>Zur Vorbeugung und Behandlung von Erkrankungen des Bewegungsapparats dient die klassische Massage. <\/p>\n<\/div>\n                <a class=\"sc_button sc_services_item_link\" href=\"https:\/\/xn--krper-jua.fit\/massage\/services\/klassische-massage\/\">Read More<\/a>\n            <\/div>\n                    <\/div>\n\n\t<\/div>\n\n<\/div>\n<\/div><div class=\"trx_addons_column-1_2 \"><div class=\"sc_services_item with_content with_image sc_services_item_featured_none\">\n\t<div class=\"sc_services_item_header \" style=\"background-image: url(https:\/\/xn--krper-jua.fit\/massage\/dateien\/2020\/01\/rotes-tape.jpg);\">\n\t\t<div class=\"sc_services_item_header_inner\">\n    \t\t<h6 class=\"sc_services_item_title\"><a href=\"https:\/\/xn--krper-jua.fit\/massage\/services\/tape\/\">Tape<\/a><\/h6>\n                        <div class=\"sc_services_item_content\">\n                <div class=\"sc_services_item_text\"><p>Wie eine zweite Haut dehnt sich das Tape und zieht sich wieder zusammen, ohne die Bewegungsfreiheit einzuschr\u00e4nken.<\/p>\n<\/div>\n                <a class=\"sc_button sc_services_item_link\" href=\"https:\/\/xn--krper-jua.fit\/massage\/services\/tape\/\">Read More<\/a>\n            <\/div>\n                    <\/div>\n\n\t<\/div>\n\n<\/div>\n<\/div><div class=\"trx_addons_column-1_2 \"><div class=\"sc_services_item with_content with_image sc_services_item_featured_none\">\n\t<div class=\"sc_services_item_header \" style=\"background-image: url(https:\/\/xn--krper-jua.fit\/massage\/dateien\/2020\/01\/schroepfen.jpg);\">\n\t\t<div class=\"sc_services_item_header_inner\">\n    \t\t<h6 class=\"sc_services_item_title\"><a href=\"https:\/\/xn--krper-jua.fit\/massage\/services\/schroepfen\/\">Schr\u00f6pfen<\/a><\/h6>\n                        <div class=\"sc_services_item_content\">\n                <div class=\"sc_services_item_text\"><p>Schr\u00f6pfen entspannt die Muskeln, kann Verdauungsorgane anregen, Schmerzen lindern sowie die Selbstheilungskr\u00e4fte st\u00e4rken.<\/p>\n<\/div>\n                <a class=\"sc_button sc_services_item_link\" href=\"https:\/\/xn--krper-jua.fit\/massage\/services\/schroepfen\/\">Read More<\/a>\n            <\/div>\n                    <\/div>\n\n\t<\/div>\n\n<\/div>\n<\/div><div class=\"trx_addons_column-1_2 \"><div class=\"sc_services_item with_content with_image sc_services_item_featured_none\">\n\t<div class=\"sc_services_item_header \" style=\"background-image: url(https:\/\/xn--krper-jua.fit\/massage\/dateien\/2020\/01\/fussreflex.jpg);\">\n\t\t<div class=\"sc_services_item_header_inner\">\n    \t\t<h6 class=\"sc_services_item_title\"><a href=\"https:\/\/xn--krper-jua.fit\/massage\/services\/sports-massage\/\">Fussreflexmassage<\/a><\/h6>\n                        <div class=\"sc_services_item_content\">\n                <div class=\"sc_services_item_text\"><p>Die F\u00fcsse haben viel Meridianpunkte, welche durch eine gezielte Reflexzonenmassage stimuliert werden.<\/p>\n<\/div>\n                <a class=\"sc_button sc_services_item_link\" href=\"https:\/\/xn--krper-jua.fit\/massage\/services\/sports-massage\/\">Read More<\/a>\n            <\/div>\n                    <\/div>\n\n\t<\/div>\n\n<\/div>\n<\/div><\/div><\/div><!-- \/.sc_services --><\/div><\/div><!-- \/.sc_content -->[vc_empty_space height=&#187;3em&#187; alter_height=&#187;none&#187; hide_on_desktop=&#187;&#187; hide_on_notebook=&#187;&#187; hide_on_tablet=&#187;&#187; hide_on_mobile=&#187;&#187;][vc_empty_space height=&#187;5.5em&#187; alter_height=&#187;none&#187; hide_on_desktop=&#187;&#187; hide_on_notebook=&#187;&#187; hide_on_tablet=&#187;1&#8243; hide_on_mobile=&#187;1&#8243;][\/vc_column_inner][\/vc_row_inner][\/vc_column][\/vc_row][vc_row full_width=&#187;stretch_row&#187; hide_bg_image_on_tablet=&#187;&#187; hide_bg_image_on_mobile=&#187;&#187; css=&#187;.vc_custom_1581181327246{background: #f8f8f8 url(https:\/\/xn--krper-jua.fit\/massage\/dateien\/2018\/01\/bg_8.jpg?id=992) !important;background-position: bottom left !important;background-repeat: no-repeat !important;background-size: cover !important;}&#187;][vc_column icons_position=&#187;left&#187;][vc_empty_space height=&#187;3.3em&#187; alter_height=&#187;none&#187; hide_on_desktop=&#187;&#187; hide_on_notebook=&#187;&#187; hide_on_tablet=&#187;&#187; hide_on_mobile=&#187;&#187;][vc_empty_space height=&#187;2em&#187; alter_height=&#187;none&#187; hide_on_desktop=&#187;&#187; hide_on_notebook=&#187;&#187; hide_on_tablet=&#187;&#187; hide_on_mobile=&#187;1&#8243;]<div id=\"sc_title_202145661\"\n\t\tclass=\"sc_title color_style_default sc_title_default\"><h6 class=\"sc_item_subtitle sc_title_subtitle sc_align_center sc_item_title_style_default\">F\u00fcr Sie<\/h6><h2 class=\"sc_item_title sc_title_title sc_align_center sc_item_title_style_default sc_item_title_tag\">Mein Angebot<\/h2><\/div><!-- \/.sc_title -->[vc_empty_space height=&#187;3em&#187; alter_height=&#187;none&#187; hide_on_desktop=&#187;&#187; hide_on_notebook=&#187;&#187; hide_on_tablet=&#187;&#187; hide_on_mobile=&#187;&#187;][vc_empty_space height=&#187;2em&#187; alter_height=&#187;none&#187; hide_on_desktop=&#187;&#187; hide_on_notebook=&#187;&#187; hide_on_tablet=&#187;&#187; hide_on_mobile=&#187;1&#8243;]<div  id=\"sc_price_1486755679\" \n\tclass=\"sc_price color_style_default sc_price_default\"><div class=\"sc_price_columns_wrap sc_item_columns trx_addons_columns_wrap columns_padding_bottom\"><div class=\"trx_addons_column-1_3\"><div class=\"sc_price_item sc_price_item_default\">\n\t\t\t<div class=\"sc_price_item_image\"><img loading=\"lazy\" decoding=\"async\" src=\"https:\/\/xn--krper-jua.fit\/massage\/dateien\/2020\/01\/klassische-massage.jpg\" alt=\"klassische-massage.jpg\" width=\"5760\" height=\"3840\"><\/div><div class=\"sc_price_item_info\"><h6 class=\"sc_price_item_subtitle\"><span>Einstieg<\/span><\/h6><h3 class=\"sc_price_item_title\"><span>Klassische Massage<\/span><\/h3><div class=\"sc_price_item_price\"><span class=\"sc_price_item_price_value\">ab Fr. 60.00<\/span><\/div><div class=\"sc_price_item_details\">Eine Auszeit f\u00fcr den K\u00f6rper und Geist.<\/div><a href=\"\/massage\/angebot\/#buchen\" class=\"sc_price_item_link sc_button\">Jetzt buchen<\/a><\/div><!-- \/.sc_price_item_info --><\/div><\/div><div class=\"trx_addons_column-1_3\"><div class=\"sc_price_item sc_price_item_default special_offer\">\n\t\t\t<div class=\"sc_price_item_label\">Wirkungsvoll f\u00fcr den ganzen K\u00f6rper<\/div><div class=\"sc_price_item_image\"><img loading=\"lazy\" decoding=\"async\" src=\"https:\/\/xn--krper-jua.fit\/massage\/dateien\/2020\/01\/fussreflex.jpg\" alt=\"fussreflex.jpg\" width=\"5760\" height=\"3840\"><\/div><div class=\"sc_price_item_info\"><h6 class=\"sc_price_item_subtitle\"><span>Empfehlung<\/span><\/h6><h3 class=\"sc_price_item_title\"><span>Fussreflexmassage<\/span><\/h3><div class=\"sc_price_item_price\"><span class=\"sc_price_item_price_value\">ab Fr. 80.00<\/span><\/div><div class=\"sc_price_item_details\">Mein Standart Angebot um konkrete Problemzonen zu Behandeln.<\/div><a href=\"\/massage\/angebot\/#buchen\" class=\"sc_price_item_link sc_button\">Jetzt buchen<\/a><\/div><!-- \/.sc_price_item_info --><\/div><\/div><div class=\"trx_addons_column-1_3\"><div class=\"sc_price_item sc_price_item_default\">\n\t\t\t<div class=\"sc_price_item_image\"><img loading=\"lazy\" decoding=\"async\" src=\"https:\/\/xn--krper-jua.fit\/massage\/dateien\/2020\/01\/schroepfen.jpg\" alt=\"schroepfen.jpg\" width=\"5029\" height=\"3353\"><\/div><div class=\"sc_price_item_info\"><h6 class=\"sc_price_item_subtitle\"><span>Entgiftend<\/span><\/h6><h3 class=\"sc_price_item_title\"><span>Schr\u00f6pfen<\/span><\/h3><div class=\"sc_price_item_price\"><span class=\"sc_price_item_price_value\">ab Fr. 60.00<\/span><\/div><div class=\"sc_price_item_details\">Um Giftstoffe schneller aus dem K\u00f6rper zu transportieren.<\/div><a href=\"\/massage\/angebot\/#buchen\" class=\"sc_price_item_link sc_button\">Jetzt buchen<\/a><\/div><!-- \/.sc_price_item_info --><\/div><\/div><\/div><\/div><!-- \/.sc_price -->[vc_empty_space height=&#187;3em&#187; alter_height=&#187;none&#187; hide_on_desktop=&#187;&#187; hide_on_notebook=&#187;&#187; hide_on_tablet=&#187;&#187; hide_on_mobile=&#187;&#187;][vc_empty_space height=&#187;3em&#187; alter_height=&#187;none&#187; hide_on_desktop=&#187;&#187; hide_on_notebook=&#187;&#187; hide_on_tablet=&#187;1&#8243; hide_on_mobile=&#187;1&#8243;][vc_empty_space height=&#187;4.5em&#187; alter_height=&#187;none&#187; hide_on_desktop=&#187;&#187; hide_on_notebook=&#187;&#187; hide_on_tablet=&#187;&#187; hide_on_mobile=&#187;1&#8243;][\/vc_column][\/vc_row]<\/p>\n<\/section>","protected":false},"excerpt":{"rendered":"<p>[vc_row full_width=&#187;stretch_row&#187; css_animation=&#187;slideInUp&#187; hide_bg_image_on_tablet=&#187;&#187; hide_bg_image_on_mobile=&#187;&#187; row_delimiter=&#187;&#187; hide_on_desktop=&#187;&#187; hide_on_notebook=&#187;&#187; hide_on_tablet=&#187;&#187; hide_on_mobile=&#187;&#187; hide_on_frontpage=&#187;&#187; specialsparallax=&#187;true&#187;][vc_column width=&#187;1\/6&#8243; icons_position=&#187;left&#187;][\/vc_column][vc_column width=&#187;2\/3&#8243; icons_position=&#187;left&#187;][vc_empty_space height=&#187;8em&#187; alter_height=&#187;none&#187; hide_on_desktop=&#187;&#187; hide_on_notebook=&#187;&#187; hide_on_tablet=&#187;&#187; hide_on_mobile=&#187;&#187;][vc_single_image image=&#187;1809&#8243; img_size=&#187;full&#187; alignment=&#187;center&#187;][\/vc_column][vc_column width=&#187;1\/6&#8243; icons_position=&#187;left&#187;][\/vc_column][\/vc_row][vc_row full_width=&#187;stretch_row&#187; hide_bg_image_on_tablet=&#187;&#187; hide_bg_image_on_mobile=&#187;&#187; css=&#187;.vc_custom_1581181248892{background-image: url(https:\/\/xn--krper-jua.fit\/massage\/dateien\/2018\/01\/smoke2.png?id=1183) !important;background-position: top right !important;background-repeat: no-repeat !important;background-size: cover !important;}&#187;][vc_column css_animation=&#187;none&#187; width=&#187;1\/3&#8243; icons_position=&#187;left&#187;][vc_empty_space height=&#187;14em&#187; alter_height=&#187;none&#187; hide_on_desktop=&#187;&#187; hide_on_notebook=&#187;&#187; hide_on_tablet=&#187;&#187; hide_on_mobile=&#187;&#187;][vc_empty_space height=&#187;14em&#187; alter_height=&#187;none&#187; hide_on_desktop=&#187;&#187; hide_on_notebook=&#187;&#187; hide_on_tablet=&#187;&#187; hide_on_mobile=&#187;&#187;][vc_empty_space height=&#187;14em&#187; alter_height=&#187;large&#187; hide_on_desktop=&#187;&#187; hide_on_notebook=&#187;&#187; hide_on_tablet=&#187;&#187;&hellip;<\/p>\n","protected":false},"author":1,"featured_media":0,"parent":0,"menu_order":0,"comment_status":"closed","ping_status":"closed","template":"","meta":{"footnotes":""},"class_list":["post-323","page","type-page","status-publish","hentry"],"_links":{"self":[{"href":"https:\/\/xn--krper-jua.fit\/massage\/wp-json\/wp\/v2\/pages\/323","targetHints":{"allow":["GET"]}}],"collection":[{"href":"https:\/\/xn--krper-jua.fit\/massage\/wp-json\/wp\/v2\/pages"}],"about":[{"href":"https:\/\/xn--krper-jua.fit\/massage\/wp-json\/wp\/v2\/types\/page"}],"author":[{"embeddable":true,"href":"https:\/\/xn--krper-jua.fit\/massage\/wp-json\/wp\/v2\/users\/1"}],"replies":[{"embeddable":true,"href":"https:\/\/xn--krper-jua.fit\/massage\/wp-json\/wp\/v2\/comments?post=323"}],"version-history":[{"count":43,"href":"https:\/\/xn--krper-jua.fit\/massage\/wp-json\/wp\/v2\/pages\/323\/revisions"}],"predecessor-version":[{"id":1810,"href":"https:\/\/xn--krper-jua.fit\/massage\/wp-json\/wp\/v2\/pages\/323\/revisions\/1810"}],"wp:attachment":[{"href":"https:\/\/xn--krper-jua.fit\/massage\/wp-json\/wp\/v2\/media?parent=323"}],"curies":[{"name":"wp","href":"https:\/\/api.w.org\/{rel}","templated":true}]}}