{"id":259,"date":"2017-12-06T11:32:23","date_gmt":"2017-12-06T11:32:23","guid":{"rendered":"http:\/\/edema.axiomthemes.com\/?page_id=259"},"modified":"2024-10-16T15:48:19","modified_gmt":"2024-10-16T14:48:19","slug":"katja-marroni","status":"publish","type":"page","link":"https:\/\/xn--krper-jua.fit\/massage\/katja-marroni\/","title":{"rendered":"Katja Marroni"},"content":{"rendered":"<section class=\"wpb-content-wrapper\"><p>[vc_row][vc_column width=&#187;1\/12&#8243; icons_position=&#187;left&#187;][\/vc_column][vc_column width=&#187;10\/12&#8243; icons_position=&#187;left&#187;]<div id=\"sc_title_651261618\"\n\t\tclass=\"sc_title color_style_default sc_title_default\"><h6 class=\"sc_item_subtitle sc_title_subtitle sc_align_center sc_item_title_style_default\">Katja Marroni<\/h6><h2 class=\"sc_item_title sc_title_title sc_align_center sc_item_title_style_default sc_item_title_tag\">dipl. Berufsmasseurin<\/h2><\/div><!-- \/.sc_title -->[\/vc_column][vc_column width=&#187;1\/12&#8243; icons_position=&#187;left&#187;][\/vc_column][\/vc_row][vc_row full_width=&#187;stretch_row&#187; hide_bg_image_on_tablet=&#187;1&#8243; hide_bg_image_on_mobile=&#187;1&#8243; el_class=&#187;bg_position_left&#187; css=&#187;.vc_custom_1581181451952{background-image: url(https:\/\/xn--krper-jua.fit\/massage\/dateien\/2017\/12\/flower_bg_decoration.png?id=689) !important;background-position: top left !important;background-repeat: no-repeat !important;background-size: contain !important;}&#187;][vc_column icons_position=&#187;left&#187;][vc_empty_space height=&#187;3em&#187; alter_height=&#187;none&#187; hide_on_desktop=&#187;&#187; hide_on_notebook=&#187;&#187; hide_on_tablet=&#187;&#187; hide_on_mobile=&#187;&#187;][vc_empty_space height=&#187;3em&#187; alter_height=&#187;none&#187; hide_on_desktop=&#187;&#187; hide_on_notebook=&#187;&#187; hide_on_tablet=&#187;1&#8243; hide_on_mobile=&#187;1&#8243;][vc_empty_space height=&#187;5em&#187; alter_height=&#187;none&#187; hide_on_desktop=&#187;&#187; hide_on_notebook=&#187;&#187; hide_on_tablet=&#187;&#187; hide_on_mobile=&#187;1&#8243;][vc_row_inner content_placement=&#187;middle&#187;][vc_column_inner width=&#187;1\/2&#8243; icons_position=&#187;left&#187;][vc_single_image image=&#187;1709&#8243; img_size=&#187;434&#215;651&#8243; style=&#187;vc_box_border&#187; border_color=&#187;white&#187; el_class=&#187;image_center_resp&#187;][vc_empty_space height=&#187;3em&#187; alter_height=&#187;none&#187; hide_on_desktop=&#187;1&#8243; hide_on_notebook=&#187;1&#8243; hide_on_tablet=&#187;&#187; hide_on_mobile=&#187;&#187;][\/vc_column_inner][vc_column_inner width=&#187;1\/2&#8243; icons_position=&#187;left&#187;]<div class=\"sc_content_wrap sc_push_tiny sc_push_hide_on_tablet sc_push_hide_on_mobile\"><div id=\"sc_content_1825592942\"\n\t\tclass=\"sc_content color_style_default sc_content_default sc_float_center\"><div class=\"sc_content_container\">[vc_column_text extra_bg=&#187;tiny&#187; css=&#187;.vc_custom_1729001002856{background-color: #ffffff !important;}&#187;]Mein Name ist Katja Marroni. Ich bin im September 1993 in Winterthur geboren und ausgebildete Berufsmasseurin.<\/p>\n<p>Als Erg\u00e4nzung zu meiner Arbeit im B\u00fcro und meinem Interesse an der Anatomie und Pathologie am Bewegungsapparat, f\u00fchrte mich mein Weg zur Massage. Im Herbst 2019 habe ich meine zweij\u00e4hrige Ausbildung zur Berufsmasseurin erfolgreich abgeschlossen.<\/p>\n<p>Ich arbeite in einer Hausarztpraxis und in meiner Freizeit interessiere ich mich f\u00fcr alles rund um das Thema Medizin und Massage.<\/p>\n<p><strong>Ausbildung<\/strong><\/p>\n<p>Diplomierte Berufsmasseurin<\/p>\n<ul>\n<li>Klassische Massage<\/li>\n<li>Sportmassage<\/li>\n<li>Fussreflex- und Handreflexzonenmassage<\/li>\n<li>Kinesio Tape<\/li>\n<li>Schr\u00f6pfen, Schr\u00f6pfmassage<\/li>\n<li>Anwendung verschiedener Wickel<\/li>\n<li>Hot Stone<\/li>\n<\/ul>\n<p>[\/vc_column_text]<\/div><\/div><!-- \/.sc_content --><\/div><!-- \/.sc_content_wrap -->[\/vc_column_inner][\/vc_row_inner][vc_empty_space height=&#187;3em&#187; alter_height=&#187;none&#187; hide_on_desktop=&#187;&#187; hide_on_notebook=&#187;&#187; hide_on_tablet=&#187;&#187; hide_on_mobile=&#187;&#187;][vc_empty_space height=&#187;8em&#187; alter_height=&#187;none&#187; hide_on_desktop=&#187;&#187; hide_on_notebook=&#187;&#187; hide_on_tablet=&#187;1&#8243; hide_on_mobile=&#187;1&#8243;][\/vc_column][\/vc_row]<\/p>\n<\/section>","protected":false},"excerpt":{"rendered":"<p>[vc_row][vc_column width=&#187;1\/12&#8243; icons_position=&#187;left&#187;][\/vc_column][vc_column width=&#187;10\/12&#8243; icons_position=&#187;left&#187;][\/vc_column][vc_column width=&#187;1\/12&#8243; icons_position=&#187;left&#187;][\/vc_column][\/vc_row][vc_row full_width=&#187;stretch_row&#187; hide_bg_image_on_tablet=&#187;1&#8243; hide_bg_image_on_mobile=&#187;1&#8243; el_class=&#187;bg_position_left&#187; css=&#187;.vc_custom_1581181451952{background-image: url(https:\/\/xn--krper-jua.fit\/massage\/dateien\/2017\/12\/flower_bg_decoration.png?id=689) !important;background-position: top left !important;background-repeat: no-repeat !important;background-size: contain !important;}&#187;][vc_column icons_position=&#187;left&#187;][vc_empty_space height=&#187;3em&#187; alter_height=&#187;none&#187; hide_on_desktop=&#187;&#187; hide_on_notebook=&#187;&#187; hide_on_tablet=&#187;&#187; hide_on_mobile=&#187;&#187;][vc_empty_space height=&#187;3em&#187; alter_height=&#187;none&#187; hide_on_desktop=&#187;&#187; hide_on_notebook=&#187;&#187; hide_on_tablet=&#187;1&#8243; hide_on_mobile=&#187;1&#8243;][vc_empty_space height=&#187;5em&#187; alter_height=&#187;none&#187; hide_on_desktop=&#187;&#187; hide_on_notebook=&#187;&#187; hide_on_tablet=&#187;&#187; hide_on_mobile=&#187;1&#8243;][vc_row_inner content_placement=&#187;middle&#187;][vc_column_inner width=&#187;1\/2&#8243; icons_position=&#187;left&#187;][vc_single_image image=&#187;1709&#8243; img_size=&#187;434&#215;651&#8243; style=&#187;vc_box_border&#187; border_color=&#187;white&#187; el_class=&#187;image_center_resp&#187;][vc_empty_space height=&#187;3em&#187; alter_height=&#187;none&#187; hide_on_desktop=&#187;1&#8243; hide_on_notebook=&#187;1&#8243; hide_on_tablet=&#187;&#187; hide_on_mobile=&#187;&#187;][\/vc_column_inner][vc_column_inner width=&#187;1\/2&#8243; icons_position=&#187;left&#187;][\/vc_column_inner][\/vc_row_inner][vc_empty_space height=&#187;3em&#187; alter_height=&#187;none&#187; hide_on_desktop=&#187;&#187; hide_on_notebook=&#187;&#187;&hellip;<\/p>\n","protected":false},"author":1,"featured_media":0,"parent":0,"menu_order":0,"comment_status":"closed","ping_status":"closed","template":"","meta":{"footnotes":""},"class_list":["post-259","page","type-page","status-publish","hentry"],"_links":{"self":[{"href":"https:\/\/xn--krper-jua.fit\/massage\/wp-json\/wp\/v2\/pages\/259","targetHints":{"allow":["GET"]}}],"collection":[{"href":"https:\/\/xn--krper-jua.fit\/massage\/wp-json\/wp\/v2\/pages"}],"about":[{"href":"https:\/\/xn--krper-jua.fit\/massage\/wp-json\/wp\/v2\/types\/page"}],"author":[{"embeddable":true,"href":"https:\/\/xn--krper-jua.fit\/massage\/wp-json\/wp\/v2\/users\/1"}],"replies":[{"embeddable":true,"href":"https:\/\/xn--krper-jua.fit\/massage\/wp-json\/wp\/v2\/comments?post=259"}],"version-history":[{"count":15,"href":"https:\/\/xn--krper-jua.fit\/massage\/wp-json\/wp\/v2\/pages\/259\/revisions"}],"predecessor-version":[{"id":1800,"href":"https:\/\/xn--krper-jua.fit\/massage\/wp-json\/wp\/v2\/pages\/259\/revisions\/1800"}],"wp:attachment":[{"href":"https:\/\/xn--krper-jua.fit\/massage\/wp-json\/wp\/v2\/media?parent=259"}],"curies":[{"name":"wp","href":"https:\/\/api.w.org\/{rel}","templated":true}]}}